{"id":41,"date":"2022-07-28T13:21:59","date_gmt":"2022-07-28T16:21:59","guid":{"rendered":"https:\/\/lethiciapanossian.com\/?page_id=41"},"modified":"2022-08-31T14:42:50","modified_gmt":"2022-08-31T17:42:50","slug":"sobre","status":"publish","type":"page","link":"https:\/\/lethiciapanossian.com\/index.php\/sobre\/","title":{"rendered":"Sobre"},"content":{"rendered":"\t\t<div data-elementor-type=\"wp-page\" data-elementor-id=\"41\" class=\"elementor elementor-41\" data-elementor-post-type=\"page\">\n\t\t\t\t\t\t<section class=\"elementor-section elementor-top-section elementor-element elementor-element-6daa5c9 elementor-section-full_width elementor-section-items-top elementor-section-height-min-height elementor-section-height-default\" data-id=\"6daa5c9\" data-element_type=\"section\" data-settings=\"{&quot;background_background&quot;:&quot;classic&quot;}\">\n\t\t\t\t\t\t<div class=\"elementor-container elementor-column-gap-default\">\n\t\t\t\t\t<div class=\"elementor-column elementor-col-100 elementor-top-column elementor-element elementor-element-d8873fd\" data-id=\"d8873fd\" data-element_type=\"column\">\n\t\t\t<div class=\"elementor-widget-wrap elementor-element-populated\">\n\t\t\t\t\t\t<section class=\"elementor-section elementor-inner-section elementor-element elementor-element-7c2fec4 elementor-section-full_width elementor-section-height-min-height elementor-section-height-default\" data-id=\"7c2fec4\" data-element_type=\"section\">\n\t\t\t\t\t\t<div class=\"elementor-container elementor-column-gap-default\">\n\t\t\t\t\t<div class=\"elementor-column elementor-col-50 elementor-inner-column elementor-element elementor-element-3a82a0b\" data-id=\"3a82a0b\" data-element_type=\"column\" data-settings=\"{&quot;background_background&quot;:&quot;classic&quot;}\">\n\t\t\t<div class=\"elementor-widget-wrap elementor-element-populated\">\n\t\t\t\t\t\t<div class=\"elementor-element elementor-element-5d7dee5 elementor-widget elementor-widget-text-editor\" data-id=\"5d7dee5\" data-element_type=\"widget\" data-widget_type=\"text-editor.default\">\n\t\t\t\t<div class=\"elementor-widget-container\">\n\t\t\t\t\t\t\t\t\t<p>Lethicia Panossian<\/p>\t\t\t\t\t\t\t\t<\/div>\n\t\t\t\t<\/div>\n\t\t\t\t<div class=\"elementor-element elementor-element-96ce1bf elementor-widget elementor-widget-text-editor\" data-id=\"96ce1bf\" data-element_type=\"widget\" data-widget_type=\"text-editor.default\">\n\t\t\t\t<div class=\"elementor-widget-container\">\n\t\t\t\t\t\t\t\t\t<p>Interior designer<\/p>\t\t\t\t\t\t\t\t<\/div>\n\t\t\t\t<\/div>\n\t\t\t\t<div class=\"elementor-element elementor-element-aca0507 elementor-widget elementor-widget-text-editor\" data-id=\"aca0507\" data-element_type=\"widget\" data-widget_type=\"text-editor.default\">\n\t\t\t\t<div class=\"elementor-widget-container\">\n\t\t\t\t\t\t\t\t\tCom projetos de grande impacto, Lethicia Panossian se destaca nas resid\u00eancias e mans\u00f5es de luxo com seu estilo \u00fanico, design contempor\u00e2neo e solu\u00e7\u00f5es arrojadas visando um resultado moderno, \u00fanico e sofisticado, deixando sempre seus tra\u00e7os marcantes a cada novo projeto. Obras de artes, acabamentos requintados, pe\u00e7as exclusivas, formas inovadoras e natureza fazem a harmoniza\u00e7\u00e3o perfeita e s\u00e3o itens indispens\u00e1veis em seu portf\u00f3lio.\t\t\t\t\t\t\t\t<\/div>\n\t\t\t\t<\/div>\n\t\t\t\t<div class=\"elementor-element elementor-element-1a30164 elementor-align-left elementor-icon-list--layout-traditional elementor-list-item-link-full_width elementor-widget elementor-widget-icon-list\" data-id=\"1a30164\" data-element_type=\"widget\" data-widget_type=\"icon-list.default\">\n\t\t\t\t<div class=\"elementor-widget-container\">\n\t\t\t\t\t\t\t<ul class=\"elementor-icon-list-items\">\n\t\t\t\t\t\t\t<li class=\"elementor-icon-list-item\">\n\t\t\t\t\t\t\t\t\t\t\t<span class=\"elementor-icon-list-icon\">\n\t\t\t\t\t\t\t<svg xmlns=\"http:\/\/www.w3.org\/2000\/svg\" xmlns:xlink=\"http:\/\/www.w3.org\/1999\/xlink\" id=\"Capa_1\" x=\"0px\" y=\"0px\" viewBox=\"0 0 368.553 368.553\" style=\"enable-background:new 0 0 368.553 368.553;\" xml:space=\"preserve\"><g>\t<g>\t\t<path d=\"M184.277,0c-71.683,0-130,58.317-130,130c0,87.26,119.188,229.855,124.263,235.883c1.417,1.685,3.504,2.66,5.705,2.67   c0.011,0,0.021,0,0.032,0c2.189,0,4.271-0.957,5.696-2.621c5.075-5.926,124.304-146.165,124.304-235.932   C314.276,58.317,255.96,0,184.277,0z M184.322,349.251C160.385,319.48,69.277,201.453,69.277,130c0-63.411,51.589-115,115-115   s115,51.589,115,115C299.276,203.49,208.327,319.829,184.322,349.251z\"><\/path>\t\t<path d=\"M184.277,72.293c-30.476,0-55.269,24.793-55.269,55.269s24.793,55.269,55.269,55.269s55.269-24.793,55.269-55.269   S214.753,72.293,184.277,72.293z M184.277,167.83c-22.204,0-40.269-18.064-40.269-40.269s18.064-40.269,40.269-40.269   s40.269,18.064,40.269,40.269S206.48,167.83,184.277,167.83z\"><\/path>\t<\/g>\t<g>\t<\/g>\t<g>\t<\/g>\t<g>\t<\/g>\t<g>\t<\/g>\t<g>\t<\/g>\t<g>\t<\/g>\t<g>\t<\/g>\t<g>\t<\/g>\t<g>\t<\/g>\t<g>\t<\/g>\t<g>\t<\/g>\t<g>\t<\/g>\t<g>\t<\/g>\t<g>\t<\/g>\t<g>\t<\/g><\/g><g><\/g><g><\/g><g><\/g><g><\/g><g><\/g><g><\/g><g><\/g><g><\/g><g><\/g><g><\/g><g><\/g><g><\/g><g><\/g><g><\/g><g><\/g><\/svg>\t\t\t\t\t\t<\/span>\n\t\t\t\t\t\t\t\t\t\t<span class=\"elementor-icon-list-text\">Av. Copacabana, 177 \u2013 Barueri\/SP<\/span>\n\t\t\t\t\t\t\t\t\t<\/li>\n\t\t\t\t\t\t\t\t<li class=\"elementor-icon-list-item\">\n\t\t\t\t\t\t\t\t\t\t\t<span class=\"elementor-icon-list-icon\">\n\t\t\t\t\t\t\t<svg xmlns=\"http:\/\/www.w3.org\/2000\/svg\" xmlns:xlink=\"http:\/\/www.w3.org\/1999\/xlink\" id=\"Capa_1\" x=\"0px\" y=\"0px\" viewBox=\"0 0 490 490\" style=\"enable-background:new 0 0 490 490;\" xml:space=\"preserve\"><g>\t<path d=\"M189.432,344.023H30.625V118.075L237.03,243.826c2.452,1.488,5.204,2.236,7.97,2.236c2.781,0,5.548-0.755,8.015-2.266  l206.36-126.684v242.223H490V30.117H0v344.531h189.432V344.023z M459.375,60.742v20.435L244.97,212.798L30.625,82.21V60.742  H459.375z\"><\/path>\t<path d=\"M371.082,409.525c28.01,0,53.04-26.222,53.04-70.919c0-49.762-34.863-86.116-86.712-86.116  c-66.151,0-108.762,53.04-108.762,114.424c0,57.212,41.419,92.969,90.288,92.969c19.965,0,36.651-3.278,53.04-11.919l-4.768-12.813  c-12.217,6.854-28.01,10.429-44.995,10.429c-44.101,0-76.58-30.692-76.58-80.454c0-60.49,40.823-98.929,89.393-98.929  c46.187,0,72.111,30.99,72.111,74.196c0,34.566-16.984,54.828-32.181,54.53c-9.833-0.298-13.409-10.727-8.939-33.373l10.131-53.934  c-7.747-3.576-19.071-6.257-31.884-6.257c-41.419,0-70.621,33.671-70.621,70.621c0,23.54,14.899,37.545,32.181,37.545  c17.879,0,31.586-8.641,42.015-26.222h1.192C348.137,401.48,359.162,409.525,371.082,409.525z M312.976,393.434  c-13.111,0-19.667-9.535-19.667-22.646c0-28.904,21.156-53.636,47.378-53.636c6.854,0,11.919,1.192,14.899,2.086l-6.257,33.671  C346.051,371.384,330.259,393.434,312.976,393.434z\"><\/path><\/g><g><\/g><g><\/g><g><\/g><g><\/g><g><\/g><g><\/g><g><\/g><g><\/g><g><\/g><g><\/g><g><\/g><g><\/g><g><\/g><g><\/g><g><\/g><\/svg>\t\t\t\t\t\t<\/span>\n\t\t\t\t\t\t\t\t\t\t<span class=\"elementor-icon-list-text\">lethicia_amatuzzi@hotmail.com<\/span>\n\t\t\t\t\t\t\t\t\t<\/li>\n\t\t\t\t\t\t\t\t<li class=\"elementor-icon-list-item\">\n\t\t\t\t\t\t\t\t\t\t\t<span class=\"elementor-icon-list-icon\">\n\t\t\t\t\t\t\t<svg xmlns=\"http:\/\/www.w3.org\/2000\/svg\" xmlns:xlink=\"http:\/\/www.w3.org\/1999\/xlink\" id=\"Capa_1\" x=\"0px\" y=\"0px\" viewBox=\"0 0 490 490\" style=\"enable-background:new 0 0 490 490;\" xml:space=\"preserve\"><g>\t<path d=\"M189.432,344.023H30.625V118.075L237.03,243.826c2.452,1.488,5.204,2.236,7.97,2.236c2.781,0,5.548-0.755,8.015-2.266  l206.36-126.684v242.223H490V30.117H0v344.531h189.432V344.023z M459.375,60.742v20.435L244.97,212.798L30.625,82.21V60.742  H459.375z\"><\/path>\t<path d=\"M371.082,409.525c28.01,0,53.04-26.222,53.04-70.919c0-49.762-34.863-86.116-86.712-86.116  c-66.151,0-108.762,53.04-108.762,114.424c0,57.212,41.419,92.969,90.288,92.969c19.965,0,36.651-3.278,53.04-11.919l-4.768-12.813  c-12.217,6.854-28.01,10.429-44.995,10.429c-44.101,0-76.58-30.692-76.58-80.454c0-60.49,40.823-98.929,89.393-98.929  c46.187,0,72.111,30.99,72.111,74.196c0,34.566-16.984,54.828-32.181,54.53c-9.833-0.298-13.409-10.727-8.939-33.373l10.131-53.934  c-7.747-3.576-19.071-6.257-31.884-6.257c-41.419,0-70.621,33.671-70.621,70.621c0,23.54,14.899,37.545,32.181,37.545  c17.879,0,31.586-8.641,42.015-26.222h1.192C348.137,401.48,359.162,409.525,371.082,409.525z M312.976,393.434  c-13.111,0-19.667-9.535-19.667-22.646c0-28.904,21.156-53.636,47.378-53.636c6.854,0,11.919,1.192,14.899,2.086l-6.257,33.671  C346.051,371.384,330.259,393.434,312.976,393.434z\"><\/path><\/g><g><\/g><g><\/g><g><\/g><g><\/g><g><\/g><g><\/g><g><\/g><g><\/g><g><\/g><g><\/g><g><\/g><g><\/g><g><\/g><g><\/g><g><\/g><\/svg>\t\t\t\t\t\t<\/span>\n\t\t\t\t\t\t\t\t\t\t<span class=\"elementor-icon-list-text\">lethicia.panossian@mapagroup.com.br<\/span>\n\t\t\t\t\t\t\t\t\t<\/li>\n\t\t\t\t\t\t\t\t<li class=\"elementor-icon-list-item\">\n\t\t\t\t\t\t\t\t\t\t\t<span class=\"elementor-icon-list-icon\">\n\t\t\t\t\t\t\t<svg xmlns=\"http:\/\/www.w3.org\/2000\/svg\" xmlns:xlink=\"http:\/\/www.w3.org\/1999\/xlink\" width=\"101\" height=\"183\" viewBox=\"0 0 101 183\"><image id=\"Camada_1\" data-name=\"Camada 1\" width=\"101\" height=\"183\" xlink:href=\"data:img\/png;base64,iVBORw0KGgoAAAANSUhEUgAAAGUAAAC3CAYAAAALipDrAAAFzUlEQVR4nO2av28URxiGnzuhs4TkIGJSocSpIEpxbkiKtAeRSBmaUKdKmdi9lR5DSZU6VG4dCfgHMI1dBVcmEVVwJOcqu5kUa+PzcbO7s7t3+x5+H+kke3dm\/Pl7dnZ+XSeEQE2WgK+BO8AysFi3wTlkCLwGngIvgIM6jXUqShkAv5FJMJN5DfwIPE+t2E0svwoE4BkWUsQyWZ4CWd5KU7an9IGd9LjMGCvAblGhMj3lIRbSFDtk+cylqKfs49fUNBgCH8Vu5kn5j7SZ1CbZ4HaYUOdD4QrZw\/t9Qp2omEuRCq8oJ+Q+8CQhkIvCD8DvBWUWyfJ8c\/zGpDFlFbhR0OB9oIOFxHhClp\/7BeVuMGFmNv766gFHBQ11UqIzQDYtzmMBOD79ZVxKUeU2hfSBT2rU\/4cS09EpUjq3o2NKv2ylGTMgW4Q1xW0qrLIboEO+mD4nD81oT8mrcI2a+zk1qL05N4G2HrAl4G3O\/Q6cDfRLOQUf0Z6Qot6r1m4RB2T5jNGDs56yCjyIFGxzHCkz8ajCuYG1BWK9fw3YOO0p65FCm83Hk8QxsNdwm3u0KwTieV2Hs54SM1dqA20GrJO40xphA\/i1gXbqkrfB2+mEEPJeEV6TTI9YR1jocjFPCpVZ7AKX247CnONyF7jadhTmHFdju8RFLAHXm4zkA+UNFdZ4qVI+Bf5K\/SOGz4C\/yxZO\/eKEhVQjKW8pUnqJgZjzlM5fihRPnetROn+pry8zAyxFkKpT4nG8HXNG7fMf9xRBLEUQSxHEUgSxFEEsRRBLEcRSBLEUQSxFEEsRxFIEsRRBLEUQSxHEUgSxFEEsRRBLEcRSBLEUQSxFEEsRxFIEsRRBLEUQSxHEUgSxFEEsRRBLEcRSBLEUQSxFEEsRxFIEsRRBLEUQSxHEUgSxFEEsRRBLEcRSBLEUQSxFEEsRxFIEsRRBLEUQSxHEUgSxFEEsRRBLEcRSBLEUQSxFEEsRxFIEsRRBLEUQSxHEUgSxFEEsRRBLEcRSBLEUQSxFEEsRxFIEsRRBLEUQSxHEUgSxFEEsRRBLEcRSBLEUQSxFEEsRxFIEsRRBLEUQSxHEUgSxFEEsRRBLEcRSBLEUQSxFEEsRxFIEsRRBLEUQSxHEUgSxFEEsRRBLEcRSBLEUQSxFEEsRxFIEsRRBLEUQSxHEUgSxFEEsRRBLEcRSBLEUQSxFEEsRxFIEsRRBLjXUzgDoNdTWPHPcRCNNSXnWUDsGv74ksRRBUqQcTC2Ki0Hp\/KX2lM3E8iYjKW+pA\/094C7wGPg4se5F5F\/gJ2ArpVKV2dcW8HmFeqYkHugFmXcp60CY8FltM6i6dEIIfWAndn+WwSSQF\/MoK8DulGOpSohcX5nHnjKgnBBOyg2mGMtUmEcpqVs6c7cF1AXetB1EAtszrtcGbzohhCXgbaSA2pgSew+XYV7+l2tdYDjLSGrQz7l3myzp31Wsr8SwS\/4ZwN1ZRVKCLyPXh8Dzk5+3iD9ksfptkJfX49OBfi9S4HHDwdThMHJ9seD3ovptEMvrHpzNvtYjhZbROVF8kXNvn2zqu1+x\/izpkeV1EuuQLR5PL8QGnpfAV83GVZkPYaDfBm5F7nXg\/DrlZaTgLXQWYGszrtc0A+JC3uV\/tKf0gKOcBhdo6IsBNanSWxR6Sen8jvaUY+BpTqUjNMaX1ATPg5AtRh748W2WbwsaP0Jjvt+h+DRvEw0hffKFwNj6atLe10pBAztobFvcI0v6GlkPH5I9cWsn1++1F9o7tinePH0\/3yGESZ\/VUI5XIYRBpI2L+hmEELZL5m91UhujA\/04D4GfKzwd87Jt0ySxBWsej4BfJt3IkwLZCd6DCn\/Q5LMGbMRuFkmB8qd8phyFp6FlDrl2yQbOvOmyKeYpWR4Lj6fL9JRRloA\/iK9KzfvsAd8wxW9IHpDtg51ORS\/ioF6GIWdT85skfuU3tafE6AFfANeBK000OGcckh2r\/0kDW1H\/AzoNL4dWwSExAAAAAElFTkSuQmCC\"><\/image><\/svg>\t\t\t\t\t\t<\/span>\n\t\t\t\t\t\t\t\t\t\t<span class=\"elementor-icon-list-text\">11 4191 5957<\/span>\n\t\t\t\t\t\t\t\t\t<\/li>\n\t\t\t\t\t\t<\/ul>\n\t\t\t\t\t\t<\/div>\n\t\t\t\t<\/div>\n\t\t\t\t\t<\/div>\n\t\t<\/div>\n\t\t\t\t<div class=\"elementor-column elementor-col-50 elementor-inner-column elementor-element elementor-element-6f00252\" data-id=\"6f00252\" data-element_type=\"column\">\n\t\t\t<div class=\"elementor-widget-wrap\">\n\t\t\t\t\t\t\t<\/div>\n\t\t<\/div>\n\t\t\t\t\t<\/div>\n\t\t<\/section>\n\t\t\t\t\t<\/div>\n\t\t<\/div>\n\t\t\t\t\t<\/div>\n\t\t<\/section>\n\t\t\t\t<\/div>\n\t\t","protected":false},"excerpt":{"rendered":"<p>Lethicia Panossian Interior designer Com projetos de grande impacto, Lethicia Panossian se destaca nas resid\u00eancias e mans\u00f5es de luxo com seu estilo \u00fanico, design contempor\u00e2neo e solu\u00e7\u00f5es arrojadas visando um resultado moderno, \u00fanico e sofisticado, deixando sempre seus tra\u00e7os marcantes a cada novo projeto. Obras de artes, acabamentos requintados, pe\u00e7as exclusivas, formas inovadoras e natureza [&hellip;]<\/p>\n","protected":false},"author":1,"featured_media":0,"parent":0,"menu_order":0,"comment_status":"closed","ping_status":"closed","template":"","meta":{"footnotes":""},"class_list":["post-41","page","type-page","status-publish","hentry"],"_links":{"self":[{"href":"https:\/\/lethiciapanossian.com\/index.php\/wp-json\/wp\/v2\/pages\/41","targetHints":{"allow":["GET"]}}],"collection":[{"href":"https:\/\/lethiciapanossian.com\/index.php\/wp-json\/wp\/v2\/pages"}],"about":[{"href":"https:\/\/lethiciapanossian.com\/index.php\/wp-json\/wp\/v2\/types\/page"}],"author":[{"embeddable":true,"href":"https:\/\/lethiciapanossian.com\/index.php\/wp-json\/wp\/v2\/users\/1"}],"replies":[{"embeddable":true,"href":"https:\/\/lethiciapanossian.com\/index.php\/wp-json\/wp\/v2\/comments?post=41"}],"version-history":[{"count":97,"href":"https:\/\/lethiciapanossian.com\/index.php\/wp-json\/wp\/v2\/pages\/41\/revisions"}],"predecessor-version":[{"id":923,"href":"https:\/\/lethiciapanossian.com\/index.php\/wp-json\/wp\/v2\/pages\/41\/revisions\/923"}],"wp:attachment":[{"href":"https:\/\/lethiciapanossian.com\/index.php\/wp-json\/wp\/v2\/media?parent=41"}],"curies":[{"name":"wp","href":"https:\/\/api.w.org\/{rel}","templated":true}]}}